{"id":622,"date":"2024-10-21T10:50:19","date_gmt":"2024-10-21T08:50:19","guid":{"rendered":"https:\/\/serrastic.com\/work-with-me\/"},"modified":"2025-11-06T15:35:13","modified_gmt":"2025-11-06T14:35:13","slug":"analisi-del-disegno","status":"publish","type":"page","link":"https:\/\/serrastic.com\/it\/drawing-analysis\/","title":{"rendered":"Analisi del disegno"},"content":{"rendered":"\t\t<div data-elementor-type=\"wp-post\" data-elementor-id=\"622\" class=\"elementor elementor-622\" data-elementor-post-type=\"page\">\n\t\t\t\t<div class=\"elementor-element elementor-element-6ba506f e-flex e-con-boxed e-con e-parent\" data-id=\"6ba506f\" data-element_type=\"container\" data-e-type=\"container\">\n\t\t\t\t\t<div class=\"e-con-inner\">\n\t\t\t\t<div class=\"elementor-element elementor-element-28dbc57 elementor-widget-divider--view-line elementor-widget elementor-widget-divider\" data-id=\"28dbc57\" data-element_type=\"widget\" data-e-type=\"widget\" data-widget_type=\"divider.default\">\n\t\t\t\t<div class=\"elementor-widget-container\">\n\t\t\t\t\t\t\t<div class=\"elementor-divider\">\n\t\t\t<span class=\"elementor-divider-separator\">\n\t\t\t\t\t\t<\/span>\n\t\t<\/div>\n\t\t\t\t\t\t<\/div>\n\t\t\t\t<\/div>\n\t\t\t\t<div class=\"elementor-element elementor-element-815362a elementor-widget elementor-widget-heading\" data-id=\"815362a\" data-element_type=\"widget\" data-e-type=\"widget\" data-widget_type=\"heading.default\">\n\t\t\t\t<div class=\"elementor-widget-container\">\n\t\t\t\t\t<h1 class=\"elementor-heading-title elementor-size-default\">Drawing analysis<\/h1>\t\t\t\t<\/div>\n\t\t\t\t<\/div>\n\t\t\t\t<div class=\"elementor-element elementor-element-6e5e415 elementor-widget elementor-widget-spacer\" data-id=\"6e5e415\" data-element_type=\"widget\" data-e-type=\"widget\" data-widget_type=\"spacer.default\">\n\t\t\t\t<div class=\"elementor-widget-container\">\n\t\t\t\t\t\t\t<div class=\"elementor-spacer\">\n\t\t\t<div class=\"elementor-spacer-inner\"><\/div>\n\t\t<\/div>\n\t\t\t\t\t\t<\/div>\n\t\t\t\t<\/div>\n\t\t\t\t\t<\/div>\n\t\t\t\t<\/div>\n\t\t<div class=\"elementor-element elementor-element-8f3aca2 e-flex e-con-boxed e-con e-parent\" data-id=\"8f3aca2\" data-element_type=\"container\" data-e-type=\"container\">\n\t\t\t\t\t<div class=\"e-con-inner\">\n\t\t\t\t<div class=\"elementor-element elementor-element-beaaf53 elementor-widget-divider--view-line elementor-widget elementor-widget-divider\" data-id=\"beaaf53\" data-element_type=\"widget\" data-e-type=\"widget\" data-widget_type=\"divider.default\">\n\t\t\t\t<div class=\"elementor-widget-container\">\n\t\t\t\t\t\t\t<div class=\"elementor-divider\">\n\t\t\t<span class=\"elementor-divider-separator\">\n\t\t\t\t\t\t<\/span>\n\t\t<\/div>\n\t\t\t\t\t\t<\/div>\n\t\t\t\t<\/div>\n\t\t<div class=\"elementor-element elementor-element-55fc2ef e-con-full e-flex e-con e-child\" data-id=\"55fc2ef\" data-element_type=\"container\" data-e-type=\"container\">\n\t\t\t\t<div class=\"elementor-element elementor-element-9a7c344 elementor-widget elementor-widget-text-editor\" data-id=\"9a7c344\" data-element_type=\"widget\" data-e-type=\"widget\" data-widget_type=\"text-editor.default\">\n\t\t\t\t<div class=\"elementor-widget-container\">\n\t\t\t\t\t\t\t\t\t<p><span style=\"font-size: large;\"><span style=\"color: red;\">!!!!!!<\/span><span style=\"color: red;\"> <strong>NO NEED ANY ARTISTIC SKILLS!!!! NOT USING SYMBOLISM, WORKS IN\u00a0CONFIGURATION!<br \/><\/strong><\/span><\/span><br \/>Drawing analysis is a unique and insightful tool for self-discovery, personal growth, and emotional healing. Unlike traditional methods, it taps into the subconscious mind, allowing individuals to express thoughts, feelings, and experiences that may be difficult to verbalize. Through creative expression, drawing analysis offers a window into hidden emotions, unresolved conflicts, and deep-rooted issues that influence everyday life.<\/p><h4><strong><span style=\"color: red;\">Why Choose Drawing Analysis?<\/span><\/strong><\/h4><p><span style=\"color: green;\"><b>Uncover Hidden Insights<\/b><\/span>: Sometimes the answers to life\u2019s problems lie beneath the surface. Drawing analysis helps reveal underlying emotions and patterns that are often difficult to recognize consciously. Whether it\u2019s stress, anxiety, or personal struggles, the act of drawing can bring these elements into awareness, leading to greater understanding and resolution.<\/p><p><span style=\"color: green;\"><b>Non-Verbal Expression<\/b><\/span>: Many people find it hard to articulate their emotions through words alone. Drawing allows for non-verbal expression, enabling individuals to communicate their inner world freely and without judgment. This process is especially helpful for those who may feel blocked or overwhelmed by their emotions.<\/p><p><span style=\"color: green;\"><strong>Stress Relief and Emotional Release.<\/strong><\/span><br \/>Personal Growth and Self-Reflection: Drawing analysis encourages introspection, helping individuals recognize patterns in their behavior, thoughts, and feelings. This newfound awareness can lead to transformative personal growth, empowering individuals to make positive changes in their lives.<\/p><p><span style=\"color: red;\"><strong>Why Choose Drawing Analysis With Me?<\/strong><\/span><\/p><p>As someone trained in drawing analysis, I combine my expertise with a compassionate, supportive environment that allows for deep emotional exploration. My approach is gentle yet insightful, helping you not only discover the unknown factors behind your life\u2019s challenges but also providing guidance on how to navigate them.<\/p><p>Whether you&#8217;re seeking clarity on specific issues, looking for a new method of self-expression, or simply curious about exploring your inner world, drawing analysis offers a powerful path to self-awareness and healing.<\/p><p><strong>Choosing a drawing analysis session can offer several benefits<\/strong>:<\/p><p>1.<span style=\"color: green;\">Self-Discovery:<\/span>Drawing analysis can reveal unconscious thoughts, emotions, and patterns that are difficult to express in words. It provides a unique insight into your inner world and helps in understanding hidden feelings or unresolved issues.<\/p><p>2. <span style=\"color: green;\">Stress Relief and Clarity:<\/span> By expressing emotions through art, individuals can release tension and gain clarity on personal matters. The process of creating and analyzing drawings can be therapeutic in itself.<\/p><p>3. <span style=\"color: green;\">Problem-Solving:<\/span> Sometimes life\u2019s challenges seem overwhelming or unclear. Drawing analysis helps uncover underlying factors influencing your decisions and behaviors, offering a new perspective to solve problems.<\/p><p>4. <span style=\"color: green;\">Personal Growth:<\/span> Understanding your drawings can lead to deeper self-awareness, allowing for personal growth and emotional healing. It encourages introspection and helps individuals recognize patterns that might be holding them back.<\/p><p>5. <span style=\"color: green;\">Safe and Non-Judgmental:<\/span> It\u2019s a gentle, non-invasive method to explore your feelings. Since it doesn\u2019t require any artistic skill, anyone can benefit from it, making it a comfortable and safe space for personal exploration.<\/p><p>Overall, it\u2019s a powerful tool for enhancing emotional well-being and gaining insight into one\u2019s personal journey.<\/p><p>If it triggers your curiosity, book your session or if you have any questions do not hesitate to contact me and ask for a\u00a0<a style=\"text-align: var(--text-align); font-size: 1rem;\" href=\"https:\/\/serrastic.com\/contact\/\" target=\"_blank\" rel=\"noopener\"><span style=\"color: red;\">free consultation.<\/span><\/a><\/p><p>If you still hesitating follow me on <a href=\"https:\/\/www.facebook.com\/victoria.boda\"><span style=\"color: red;\">Facebook<\/span><\/a> for more information and read what others have said about this experience.<\/p><p>1.<span style=\"color: red;\"> First Session (45 minutes):<\/span> We will meet and introduce ourselves. You\u2019ll share a bit about your life and any issues you\u2019d like to explore. If we have enough time, you can begin your drawing during this session.<\/p><p>2.<span style=\"color: red;\">Second Session(45mins): <\/span> This session will be entirely dedicated to drawing. You\u2019ll express your thoughts and feelings through your artwork.<\/p><p>3.<span style=\"color: red;\"> Third Session (45 mins) :<\/span> I will share the results of the analysis and provide feedback on your drawing. We\u2019ll discuss your overall experience and any insights gained.<\/p><p><span style=\"color: green;\">What you&#8217;ll need:<\/span><\/p><p><span style=\"color: red;\">IF YOU ARE LOCAL AND CAN COME TO OUR STUDIO OR IF YOU LIVE WITHIN 20 KM THESE TOOLS ARE PROVIDED.<\/span><\/p><p>Paper: A4, A5, and A6 sizes (have at least 10 each size)<\/p><p>Pencil: B2 for black and white drawings, and any paint or colourful pen,that you like to use.<br \/><span style=\"color: red;\"><br \/>IF YOU NEED AN ONLINE SESSION :<\/span><\/p><p>All the tools mentioned above and:<\/p><p>A good camera to capture your drawings and showing me the way you draw.<\/p><p>A bright, well-lit place<\/p><p>A stable internet connection<\/p><p>We can have the sessions via either WhatsApp\u00a0or\u00a0Zoom.<\/p>\t\t\t\t\t\t\t\t<\/div>\n\t\t\t\t<\/div>\n\t\t\t\t<\/div>\n\t\t\t\t\t<\/div>\n\t\t\t\t<\/div>\n\t\t<div class=\"elementor-element elementor-element-673a03f e-flex e-con-boxed e-con e-parent\" data-id=\"673a03f\" data-element_type=\"container\" data-e-type=\"container\">\n\t\t\t\t\t<div class=\"e-con-inner\">\n\t\t\t\t<div class=\"elementor-element elementor-element-0f04bc2 elementor-widget elementor-widget-catalogbooking\" data-id=\"0f04bc2\" data-element_type=\"widget\" data-e-type=\"widget\" data-widget_type=\"catalogbooking.default\">\n\t\t\t\t<div class=\"elementor-widget-container\">\n\t\t\t\t\t\n<script>\n  if (typeof hasAmeliaEntitiesApiCall === 'undefined' && ('' === '' && '' !== '1')) {\n    var hasAmeliaEntitiesApiCall = true;\n  }\n  var ameliaShortcodeData = (typeof ameliaShortcodeData === 'undefined') ? [] : ameliaShortcodeData;\n  ameliaShortcodeData.push(\n    {\n      'hasApiCall': (typeof hasAmeliaEntitiesApiCall !== 'undefined') && hasAmeliaEntitiesApiCall,\n      'trigger': '',\n      'trigger_type': '',\n      'triggered_form': 'cbf',\n      'in_dialog': '',\n      'show': '',\n      'counter': '1000',\n      'package': '',\n      'category': '2',\n      'service': '',\n      'employee': '',\n      'location': '',\n      'categories_hidden': ''\n    }\n  );\n  var ameliaShortcodeDataTriggered = (typeof ameliaShortcodeDataTriggered === 'undefined') ? [] : ameliaShortcodeDataTriggered;\n  if (ameliaShortcodeData[ameliaShortcodeData.length - 1].trigger !== '') {\n    if (ameliaShortcodeDataTriggered.filter(a => a.counter === ameliaShortcodeData[ameliaShortcodeData.length - 1].counter).length === 0) {\n      ameliaShortcodeDataTriggered.push(ameliaShortcodeData.pop());\n    } else {\n      ameliaShortcodeData.pop()\n    }\n  }\n  if (typeof hasAmeliaEntitiesApiCall !== 'undefined' && hasAmeliaEntitiesApiCall) {\n    hasAmeliaEntitiesApiCall = false;\n  }\n<\/script>\n\n<div\n  id=\"amelia-v2-booking-1000\"\n  class=\"amelia-v2-booking\"\n>\n    <catalog-form-wrapper><\/catalog-form-wrapper><\/div>\n\t\t\t\t<\/div>\n\t\t\t\t<\/div>\n\t\t\t\t\t<\/div>\n\t\t\t\t<\/div>\n\t\t\t\t<\/div>\n\t\t","protected":false},"excerpt":{"rendered":"<p>Drawing analysis !!!!!! NO NEED ANY ARTISTIC SKILLS!!!! NOT USING SYMBOLISM, WORKS IN\u00a0CONFIGURATION!Drawing analysis is a unique and insightful tool for self-discovery, personal growth, and emotional healing. Unlike traditional methods, it taps into the subconscious mind, allowing individuals to express thoughts, feelings, and experiences that may be difficult to verbalize. Through creative expression, drawing analysis [&hellip;]<\/p>\n","protected":false},"author":1,"featured_media":0,"parent":0,"menu_order":0,"comment_status":"closed","ping_status":"closed","template":"","meta":{"site-sidebar-layout":"no-sidebar","site-content-layout":"page-builder","ast-site-content-layout":"full-width-container","site-content-style":"unboxed","site-sidebar-style":"unboxed","ast-global-header-display":"","ast-banner-title-visibility":"","ast-main-header-display":"","ast-hfb-above-header-display":"","ast-hfb-below-header-display":"","ast-hfb-mobile-header-display":"","site-post-title":"disabled","ast-breadcrumbs-content":"","ast-featured-img":"disabled","footer-sml-layout":"","ast-disable-related-posts":"","theme-transparent-header-meta":"default","adv-header-id-meta":"","stick-header-meta":"","header-above-stick-meta":"","header-main-stick-meta":"","header-below-stick-meta":"","astra-migrate-meta-layouts":"set","ast-page-background-enabled":"default","ast-page-background-meta":{"desktop":{"background-color":"","background-image":"","background-repeat":"repeat","background-position":"center center","background-size":"auto","background-attachment":"scroll","background-type":"","background-media":"","overlay-type":"","overlay-color":"","overlay-opacity":"","overlay-gradient":""},"tablet":{"background-color":"","background-image":"","background-repeat":"repeat","background-position":"center center","background-size":"auto","background-attachment":"scroll","background-type":"","background-media":"","overlay-type":"","overlay-color":"","overlay-opacity":"","overlay-gradient":""},"mobile":{"background-color":"","background-image":"","background-repeat":"repeat","background-position":"center center","background-size":"auto","background-attachment":"scroll","background-type":"","background-media":"","overlay-type":"","overlay-color":"","overlay-opacity":"","overlay-gradient":""}},"ast-content-background-meta":{"desktop":{"background-color":"var(--ast-global-color-5)","background-image":"","background-repeat":"repeat","background-position":"center center","background-size":"auto","background-attachment":"scroll","background-type":"","background-media":"","overlay-type":"","overlay-color":"","overlay-opacity":"","overlay-gradient":""},"tablet":{"background-color":"var(--ast-global-color-5)","background-image":"","background-repeat":"repeat","background-position":"center center","background-size":"auto","background-attachment":"scroll","background-type":"","background-media":"","overlay-type":"","overlay-color":"","overlay-opacity":"","overlay-gradient":""},"mobile":{"background-color":"var(--ast-global-color-5)","background-image":"","background-repeat":"repeat","background-position":"center center","background-size":"auto","background-attachment":"scroll","background-type":"","background-media":"","overlay-type":"","overlay-color":"","overlay-opacity":"","overlay-gradient":""}},"footnotes":""},"class_list":["post-622","page","type-page","status-publish","hentry"],"yoast_head":"<!-- This site is optimized with the Yoast SEO Premium plugin v27.5 (Yoast SEO v27.5) - https:\/\/yoast.com\/product\/yoast-seo-premium-wordpress\/ -->\n<title>Drawing Analysis - Serrastic<\/title>\n<meta name=\"robots\" content=\"index, follow, max-snippet:-1, max-image-preview:large, max-video-preview:-1\" \/>\n<link rel=\"canonical\" href=\"https:\/\/serrastic.com\/it\/analisi-del-disegno\/\" \/>\n<meta property=\"og:locale\" content=\"it_IT\" \/>\n<meta property=\"og:type\" content=\"article\" \/>\n<meta property=\"og:title\" content=\"Drawing Analysis\" \/>\n<meta property=\"og:description\" content=\"Drawing analysis !!!!!! NO NEED ANY ARTISTIC SKILLS!!!! NOT USING SYMBOLISM, WORKS IN\u00a0CONFIGURATION!Drawing analysis is a unique and insightful tool for self-discovery, personal growth, and emotional healing. Unlike traditional methods, it taps into the subconscious mind, allowing individuals to express thoughts, feelings, and experiences that may be difficult to verbalize. Through creative expression, drawing analysis [&hellip;]\" \/>\n<meta property=\"og:url\" content=\"https:\/\/serrastic.com\/it\/analisi-del-disegno\/\" \/>\n<meta property=\"og:site_name\" content=\"Serrastic\" \/>\n<meta property=\"article:modified_time\" content=\"2025-11-06T14:35:13+00:00\" \/>\n<meta name=\"twitter:card\" content=\"summary_large_image\" \/>\n<meta name=\"twitter:label1\" content=\"Tempo di lettura stimato\" \/>\n\t<meta name=\"twitter:data1\" content=\"4 minuti\" \/>\n<script type=\"application\/ld+json\" class=\"yoast-schema-graph\">{\"@context\":\"https:\\\/\\\/schema.org\",\"@graph\":[{\"@type\":\"WebPage\",\"@id\":\"https:\\\/\\\/serrastic.com\\\/drawing-analysis\\\/\",\"url\":\"https:\\\/\\\/serrastic.com\\\/drawing-analysis\\\/\",\"name\":\"Drawing Analysis - Serrastic\",\"isPartOf\":{\"@id\":\"https:\\\/\\\/serrastic.com\\\/#website\"},\"datePublished\":\"2024-10-21T08:50:19+00:00\",\"dateModified\":\"2025-11-06T14:35:13+00:00\",\"breadcrumb\":{\"@id\":\"https:\\\/\\\/serrastic.com\\\/drawing-analysis\\\/#breadcrumb\"},\"inLanguage\":\"it-IT\",\"potentialAction\":[{\"@type\":\"ReadAction\",\"target\":[\"https:\\\/\\\/serrastic.com\\\/drawing-analysis\\\/\"]}]},{\"@type\":\"BreadcrumbList\",\"@id\":\"https:\\\/\\\/serrastic.com\\\/drawing-analysis\\\/#breadcrumb\",\"itemListElement\":[{\"@type\":\"ListItem\",\"position\":1,\"name\":\"Home\",\"item\":\"https:\\\/\\\/serrastic.com\\\/\"},{\"@type\":\"ListItem\",\"position\":2,\"name\":\"Drawing Analysis\"}]},{\"@type\":\"WebSite\",\"@id\":\"https:\\\/\\\/serrastic.com\\\/#website\",\"url\":\"https:\\\/\\\/serrastic.com\\\/\",\"name\":\"Serrastic\",\"description\":\"\",\"publisher\":{\"@id\":\"https:\\\/\\\/serrastic.com\\\/#\\\/schema\\\/person\\\/b2890f7167c3efb2f776fd320ae07bd7\"},\"potentialAction\":[{\"@type\":\"SearchAction\",\"target\":{\"@type\":\"EntryPoint\",\"urlTemplate\":\"https:\\\/\\\/serrastic.com\\\/?s={search_term_string}\"},\"query-input\":{\"@type\":\"PropertyValueSpecification\",\"valueRequired\":true,\"valueName\":\"search_term_string\"}}],\"inLanguage\":\"it-IT\"},{\"@type\":[\"Person\",\"Organization\"],\"@id\":\"https:\\\/\\\/serrastic.com\\\/#\\\/schema\\\/person\\\/b2890f7167c3efb2f776fd320ae07bd7\",\"name\":\"Bodaviki\",\"image\":{\"@type\":\"ImageObject\",\"inLanguage\":\"it-IT\",\"@id\":\"https:\\\/\\\/serrastic.com\\\/wp-content\\\/uploads\\\/2024\\\/10\\\/cropped-1logo.webp\",\"url\":\"https:\\\/\\\/serrastic.com\\\/wp-content\\\/uploads\\\/2024\\\/10\\\/cropped-1logo.webp\",\"contentUrl\":\"https:\\\/\\\/serrastic.com\\\/wp-content\\\/uploads\\\/2024\\\/10\\\/cropped-1logo.webp\",\"width\":363,\"height\":375,\"caption\":\"Bodaviki\"},\"logo\":{\"@id\":\"https:\\\/\\\/serrastic.com\\\/wp-content\\\/uploads\\\/2024\\\/10\\\/cropped-1logo.webp\"},\"description\":\"At 40 years old, I bring a unique blend of fine art and holistic therapies to my practice. I studied fine art at the University for the Creative Arts in England, earning a degree in sculpture. My journey continued with beauty therapy studies in Budapest, and I have since worked as a freelance massage therapist across England, Germany, Austria, and Italy, helping people reconnect with their bodies and minds. I speak fluent English, Hungarian, and Italian, allowing me to connect with clients from diverse backgrounds. My passion for understanding human expression led me to study drawing analysis at K\u00e1roli G\u00e1sp\u00e1r University, which I now integrate into my practice to offer a deeper exploration of the self through art.\",\"sameAs\":[\"https:\\\/\\\/serrastic.com\"]}]}<\/script>\n<!-- \/ Yoast SEO Premium plugin. -->","yoast_head_json":{"title":"Analisi del disegno - Serrastic","robots":{"index":"index","follow":"follow","max-snippet":"max-snippet:-1","max-image-preview":"max-image-preview:large","max-video-preview":"max-video-preview:-1"},"canonical":"https:\/\/serrastic.com\/it\/analisi-del-disegno\/","og_locale":"it_IT","og_type":"article","og_title":"Drawing Analysis","og_description":"Drawing analysis !!!!!! NO NEED ANY ARTISTIC SKILLS!!!! NOT USING SYMBOLISM, WORKS IN\u00a0CONFIGURATION!Drawing analysis is a unique and insightful tool for self-discovery, personal growth, and emotional healing. Unlike traditional methods, it taps into the subconscious mind, allowing individuals to express thoughts, feelings, and experiences that may be difficult to verbalize. Through creative expression, drawing analysis [&hellip;]","og_url":"https:\/\/serrastic.com\/it\/analisi-del-disegno\/","og_site_name":"Serrastic","article_modified_time":"2025-11-06T14:35:13+00:00","twitter_card":"summary_large_image","twitter_misc":{"Tempo di lettura stimato":"4 minuti"},"schema":{"@context":"https:\/\/schema.org","@graph":[{"@type":"WebPage","@id":"https:\/\/serrastic.com\/drawing-analysis\/","url":"https:\/\/serrastic.com\/drawing-analysis\/","name":"Analisi del disegno - Serrastic","isPartOf":{"@id":"https:\/\/serrastic.com\/#website"},"datePublished":"2024-10-21T08:50:19+00:00","dateModified":"2025-11-06T14:35:13+00:00","breadcrumb":{"@id":"https:\/\/serrastic.com\/drawing-analysis\/#breadcrumb"},"inLanguage":"it-IT","potentialAction":[{"@type":"ReadAction","target":["https:\/\/serrastic.com\/drawing-analysis\/"]}]},{"@type":"BreadcrumbList","@id":"https:\/\/serrastic.com\/drawing-analysis\/#breadcrumb","itemListElement":[{"@type":"ListItem","position":1,"name":"Home","item":"https:\/\/serrastic.com\/"},{"@type":"ListItem","position":2,"name":"Drawing Analysis"}]},{"@type":"WebSite","@id":"https:\/\/serrastic.com\/#website","url":"https:\/\/serrastic.com\/","name":"Serrastica","description":"","publisher":{"@id":"https:\/\/serrastic.com\/#\/schema\/person\/b2890f7167c3efb2f776fd320ae07bd7"},"potentialAction":[{"@type":"SearchAction","target":{"@type":"EntryPoint","urlTemplate":"https:\/\/serrastic.com\/?s={search_term_string}"},"query-input":{"@type":"PropertyValueSpecification","valueRequired":true,"valueName":"search_term_string"}}],"inLanguage":"it-IT"},{"@type":["Person","Organization"],"@id":"https:\/\/serrastic.com\/#\/schema\/person\/b2890f7167c3efb2f776fd320ae07bd7","name":"Bodaviki","image":{"@type":"ImageObject","inLanguage":"it-IT","@id":"https:\/\/serrastic.com\/wp-content\/uploads\/2024\/10\/cropped-1logo.webp","url":"https:\/\/serrastic.com\/wp-content\/uploads\/2024\/10\/cropped-1logo.webp","contentUrl":"https:\/\/serrastic.com\/wp-content\/uploads\/2024\/10\/cropped-1logo.webp","width":363,"height":375,"caption":"Bodaviki"},"logo":{"@id":"https:\/\/serrastic.com\/wp-content\/uploads\/2024\/10\/cropped-1logo.webp"},"description":"A 40 anni, porto nel mio studio una miscela unica di belle arti e terapie olistiche. Ho studiato belle arti presso l'Universit\u00e0 per le Arti Creative in Inghilterra, conseguendo una laurea in scultura. Il mio viaggio \u00e8 proseguito con gli studi di terapia estetica a Budapest e da allora ho lavorato come massaggiatrice freelance in Inghilterra, Germania, Austria e Italia, aiutando le persone a riconnettersi con il proprio corpo e la propria mente. Parlo correntemente inglese, ungherese e italiano, il che mi permette di entrare in contatto con clienti provenienti da contesti diversi. La mia passione per la comprensione dell'espressione umana mi ha portato a studiare analisi del disegno all'Universit\u00e0 K\u00e1roli G\u00e1sp\u00e1r, che ora integro nella mia pratica per offrire un'esplorazione pi\u00f9 profonda del s\u00e9 attraverso l'arte.","sameAs":["https:\/\/serrastic.com"]}]}},"_links":{"self":[{"href":"https:\/\/serrastic.com\/it\/wp-json\/wp\/v2\/pages\/622","targetHints":{"allow":["GET"]}}],"collection":[{"href":"https:\/\/serrastic.com\/it\/wp-json\/wp\/v2\/pages"}],"about":[{"href":"https:\/\/serrastic.com\/it\/wp-json\/wp\/v2\/types\/page"}],"author":[{"embeddable":true,"href":"https:\/\/serrastic.com\/it\/wp-json\/wp\/v2\/users\/1"}],"replies":[{"embeddable":true,"href":"https:\/\/serrastic.com\/it\/wp-json\/wp\/v2\/comments?post=622"}],"version-history":[{"count":9,"href":"https:\/\/serrastic.com\/it\/wp-json\/wp\/v2\/pages\/622\/revisions"}],"predecessor-version":[{"id":2350,"href":"https:\/\/serrastic.com\/it\/wp-json\/wp\/v2\/pages\/622\/revisions\/2350"}],"wp:attachment":[{"href":"https:\/\/serrastic.com\/it\/wp-json\/wp\/v2\/media?parent=622"}],"curies":[{"name":"wp","href":"https:\/\/api.w.org\/{rel}","templated":true}]}}