{"id":342,"date":"2024-10-21T10:50:19","date_gmt":"2024-10-21T08:50:19","guid":{"rendered":"https:\/\/serrastic.com\/books\/"},"modified":"2024-12-19T10:14:35","modified_gmt":"2024-12-19T09:14:35","slug":"masszazs","status":"publish","type":"page","link":"https:\/\/serrastic.com\/hu\/massage\/","title":{"rendered":"Massz\u00e1zs"},"content":{"rendered":"<div data-elementor-type=\"wp-post\" data-elementor-id=\"342\" class=\"elementor elementor-342\" data-elementor-post-type=\"page\">\n\t\t\t\t<div class=\"elementor-element elementor-element-f1d3240 e-flex e-con-boxed e-con e-parent\" data-id=\"f1d3240\" data-element_type=\"container\" data-e-type=\"container\">\n\t\t\t\t\t<div class=\"e-con-inner\">\n\t\t\t\t<div class=\"elementor-element elementor-element-48d9cc0 elementor-widget-divider--view-line elementor-widget elementor-widget-divider\" data-id=\"48d9cc0\" data-element_type=\"widget\" data-e-type=\"widget\" data-widget_type=\"divider.default\">\n\t\t\t\t<div class=\"elementor-widget-container\">\n\t\t\t\t\t\t\t<div class=\"elementor-divider\">\n\t\t\t<span class=\"elementor-divider-separator\">\n\t\t\t\t\t\t<\/span>\n\t\t<\/div>\n\t\t\t\t\t\t<\/div>\n\t\t\t\t<\/div>\n\t\t\t\t<div class=\"elementor-element elementor-element-a50cb43 elementor-widget elementor-widget-heading\" data-id=\"a50cb43\" data-element_type=\"widget\" data-e-type=\"widget\" data-widget_type=\"heading.default\">\n\t\t\t\t<div class=\"elementor-widget-container\">\n\t\t\t\t\t<h1 class=\"elementor-heading-title elementor-size-default\">Massz\u00e1zs<\/h1>\t\t\t\t<\/div>\n\t\t\t\t<\/div>\n\t\t\t\t<div class=\"elementor-element elementor-element-0b0d49c elementor-widget elementor-widget-spacer\" data-id=\"0b0d49c\" data-element_type=\"widget\" data-e-type=\"widget\" data-widget_type=\"spacer.default\">\n\t\t\t\t<div class=\"elementor-widget-container\">\n\t\t\t\t\t\t\t<div class=\"elementor-spacer\">\n\t\t\t<div class=\"elementor-spacer-inner\"><\/div>\n\t\t<\/div>\n\t\t\t\t\t\t<\/div>\n\t\t\t\t<\/div>\n\t\t\t\t\t<\/div>\n\t\t\t\t<\/div>\n\t\t<div class=\"elementor-element elementor-element-1a80e36 e-flex e-con-boxed e-con e-parent\" data-id=\"1a80e36\" data-element_type=\"container\" data-e-type=\"container\">\n\t\t\t\t\t<div class=\"e-con-inner\">\n\t\t<div class=\"elementor-element elementor-element-d757581 e-con-full e-flex e-con e-child\" data-id=\"d757581\" data-element_type=\"container\" data-e-type=\"container\">\n\t\t\t\t<div class=\"elementor-element elementor-element-7e76e49 elementor-widget-divider--view-line elementor-widget elementor-widget-divider\" data-id=\"7e76e49\" data-element_type=\"widget\" data-e-type=\"widget\" data-widget_type=\"divider.default\">\n\t\t\t\t<div class=\"elementor-widget-container\">\n\t\t\t\t\t\t\t<div class=\"elementor-divider\">\n\t\t\t<span class=\"elementor-divider-separator\">\n\t\t\t\t\t\t<\/span>\n\t\t<\/div>\n\t\t\t\t\t\t<\/div>\n\t\t\t\t<\/div>\n\t\t\t\t<div class=\"elementor-element elementor-element-8cfdafe elementor-widget elementor-widget-text-editor\" data-id=\"8cfdafe\" data-element_type=\"widget\" data-e-type=\"widget\" data-widget_type=\"text-editor.default\">\n\t\t\t\t<div class=\"elementor-widget-container\">\n\t\t\t\t\t\t\t\t\t<p>A massz\u00e1zster\u00e1pia sz\u00e1mos eg\u00e9szs\u00e9g\u00fcgyi el\u0151nnyel j\u00e1r, t\u00f6bbek k\u00f6z\u00f6tt a kering\u00e9s serkent\u00e9s\u00e9vel, ami jav\u00edtja a v\u00e9r\u00e1raml\u00e1st az eg\u00e9sz testben. Ez pedig el\u0151seg\u00edti a sejtek automatikus regener\u00e1l\u00f3d\u00e1s\u00e1t, el\u0151seg\u00edtve a sz\u00f6vetek helyre\u00e1ll\u00edt\u00e1s\u00e1t \u00e9s regener\u00e1l\u00f3d\u00e1s\u00e1t. A rendszeres massz\u00e1zs a v\u00e9rnyom\u00e1st is cs\u00f6kkentheti, er\u0151s\u00edtve a sz\u00edv m\u0171k\u00f6d\u00e9s\u00e9t \u00e9s t\u00e1mogatva az \u00e1ltal\u00e1nos sz\u00edv- \u00e9s \u00e9rrendszeri eg\u00e9szs\u00e9get. A b\u0151r tiszt\u00edt\u00e1s\u00e1val \u00e9s rugalmass\u00e1g\u00e1nak n\u00f6vel\u00e9s\u00e9vel a massz\u00e1zs seg\u00edt a szervezet m\u00e9regtelen\u00edt\u00e9s\u00e9ben \u00e9s fokozza a b\u0151r rugalmass\u00e1g\u00e1t, ami fiatalosabb megjelen\u00e9st eredm\u00e9nyez. Ezenk\u00edv\u00fcl a massz\u00e1zs az izmok ellaz\u00edt\u00e1s\u00e1val \u00e9s a jobb b\u00e9lm\u0171k\u00f6d\u00e9s el\u0151seg\u00edt\u00e9s\u00e9vel t\u00e1mogatja az em\u00e9szt\u00e9st. A cellulitisz elleni k\u00fczdelemben is hat\u00e9kony eszk\u00f6z lehet, lebontja a zs\u00edrlerak\u00f3d\u00e1sokat \u00e9s jav\u00edtja a b\u0151r text\u00far\u00e1j\u00e1t.<\/p><p>A massz\u00e1zster\u00e1pia mind a test, mind az elme sz\u00e1m\u00e1ra m\u00e9lyrehat\u00f3 el\u0151ny\u00f6kkel j\u00e1r, seg\u00edt a stresszhormonok, p\u00e9ld\u00e1ul a kortizol cs\u00f6kkent\u00e9s\u00e9ben, mik\u00f6zben fokozza az endorfinok, a szervezet term\u00e9szetes hangulatjav\u00edt\u00f3inak termel\u00e9s\u00e9t. Ment\u00e1lis szinten a massz\u00e1zs cs\u00f6kkentheti a szorong\u00e1st, el\u0151seg\u00edtheti a jobb alv\u00e1st \u00e9s jav\u00edthatja az \u00e1ltal\u00e1nos \u00e9rzelmi j\u00f3l\u00e9tet. A massz\u00e1zs nyugtat\u00f3 \u00e9lm\u00e9nyt ny\u00fajt, amely \u00f6szt\u00f6nzi a tudatoss\u00e1got, seg\u00edt az embereknek \u00fajra kapcsolatba l\u00e9pni a test\u00fckkel \u00e9s jobban a jelen pillanatban \u00e9rezni magukat. Ak\u00e1r a kr\u00f3nikus f\u00e1jdalom, ak\u00e1r a stressz kezel\u00e9s\u00e9re, ak\u00e1r egyszer\u0171en csak a relax\u00e1ci\u00f3ra haszn\u00e1lj\u00e1k, a massz\u00e1zs hat\u00e9kony eszk\u00f6z a kiegyens\u00falyozott, eg\u00e9szs\u00e9ges \u00e9let fenntart\u00e1s\u00e1hoz.<\/p><p><strong><a style=\"text-align: var(--text-align); font-size: 1rem;\" href=\"https:\/\/serrastic.com\/hu\/masszazs\/#massagebooking\" target=\"_blank\" rel=\"noopener\"><span style=\"color: red;\">K\u00cdN\u00c1LOK SPORT \u00c9S SV\u00c9DMASSZ\u00c1ZS \u00c9S L\u00c1BREFLEXOL\u00d3GIA \u00c9S SZ\u00dcL\u00c9S UT\u00c1NI .<\/span><\/a>\u00a0<\/strong><\/p><p><strong><a style=\"text-align: var(--text-align); font-size: 1rem;\" href=\"https:\/\/serrastic.com\/hu\/masszazs\/#massagebooking\" target=\"_blank\" rel=\"noopener\"><span style=\"color: red;\">Sport<\/span><\/a>\u00a0<\/strong>A massz\u00e1zs, amely k\u00fcl\u00f6n\u00f6sen a h\u00e1tra, a nyakra, a v\u00e1llakra \u00e9s a karokra \u00f6sszpontos\u00edt, olyan m\u00e9lysz\u00f6veti kezel\u00e9s, amelyet \u00fagy terveztek, hogy azokat a ter\u00fcleteket c\u00e9lozza meg, ahol a fesz\u00fclts\u00e9g jellemz\u0151en felgy\u00fclemlik. Ez a massz\u00e1zs hat\u00e1rozott nyom\u00e1s alkalmaz\u00e1s\u00e1val \u00e9s az izmokkal egy\u00fctt dolgozva seg\u00edt fellaz\u00edtani a feszes csom\u00f3kat, feloldani a felgy\u00fclemlett fesz\u00fclts\u00e9get \u00e9s helyre\u00e1ll\u00edtani a rugalmass\u00e1got. Mivel a fesz\u00fclts\u00e9g gyakran id\u0151vel felhalmoz\u00f3dik, a tart\u00f3s eredm\u00e9nyek el\u00e9r\u00e9se \u00e9s az izomk\u00e1rosod\u00e1s hat\u00e9kony enyh\u00edt\u00e9se \u00e9rdek\u00e9ben t\u00f6bb kezel\u00e9s aj\u00e1nlott.<\/p><p>M\u00e1sr\u00e9szt,<a href=\"https:\/\/serrastic.com\/hu\/masszazs\/#massagebooking\" target=\"_blank\" rel=\"noopener\"><span style=\"color: red;\"><strong>Sv\u00e9d<\/strong><\/span><\/a> A massz\u00e1zs egy olyan teljes testet \u00e1tfog\u00f3 kezel\u00e9s, amely gyeng\u00e9debb technik\u00e1kat alkalmaz a relax\u00e1ci\u00f3hoz, ugyanakkor ter\u00e1pi\u00e1s el\u0151ny\u00f6ket is ny\u00fajt. A sportmassz\u00e1zshoz k\u00e9pest kev\u00e9sb\u00e9 intenz\u00edv, de ugyanolyan hat\u00e9kony megk\u00f6zel\u00edt\u00e9s, amely el\u0151seg\u00edti az \u00e1ltal\u00e1nos j\u00f3 k\u00f6z\u00e9rzetet, \u00e9s a test term\u00e9szetes ritmus\u00e1val \u00f6sszhangban dolgozik a fesz\u00fclts\u00e9g old\u00e1s\u00e1n.<\/p><p><strong><a href=\"https:\/\/serrastic.com\/hu\/masszazs\/#massagebooking\"><span style=\"color: red;\">Reflexol\u00f3gia<\/span><\/a><\/strong>, amely kifejezetten az als\u00f3 l\u00e1bsz\u00e1rra \u00e9s a l\u00e1bfejekre \u00f6sszpontos\u00edt, stimul\u00e1lja a test k\u00fcl\u00f6nb\u00f6z\u0151 r\u00e9szeinek megfelel\u0151 speci\u00e1lis nyom\u00e1spontokat. Az\u00e1ltal, hogy a massz\u00e1zs nyom\u00e1st gyakorol ezekre a reflexz\u00f3n\u00e1kra, \u00f6szt\u00f6nzi a test saj\u00e1t gy\u00f3gy\u00edt\u00f3 mechanizmusait, seg\u00edt az energia egyens\u00faly\u00e1nak helyre\u00e1ll\u00edt\u00e1s\u00e1ban \u00e9s az eg\u00e9szs\u00e9g term\u00e9szetes helyre\u00e1ll\u00edt\u00e1s\u00e1ban.<\/p><p><strong><a href=\"https:\/\/serrastic.com\/hu\/masszazs\/#massagebooking\"><span style=\"color: red;\">Sz\u00fcl\u00e9s ut\u00e1ni massz\u00e1zs<\/span><\/a><\/strong> gyeng\u00e9d, gondoskod\u00f3 \u00e9lm\u00e9nyt ny\u00fajt az \u00fajdons\u00fclt any\u00e1knak, amelynek c\u00e9lja a fesz\u00fclts\u00e9g old\u00e1sa, a f\u00e1j\u00f3 izmok enyh\u00edt\u00e9se \u00e9s a sz\u00fcl\u00e9s ut\u00e1ni m\u00e9ly ellazul\u00e1s \u00e9rz\u00e9se. Ez a nyugtat\u00f3 massz\u00e1zs nemcsak a fizikai gy\u00f3gyul\u00e1st seg\u00edti el\u0151, hanem \u00e9rzelmi t\u00e1mogat\u00e1st is ny\u00fajt, seg\u00edt az any\u00e1knak ellazulni, oldani a stresszt, \u00e9s elker\u00fclni a t\u00falterhelts\u00e9g \u00e9rz\u00e9s\u00e9t, amely az \u00faj anyas\u00e1ggal egy\u00fctt j\u00e1rhat. Az \u00fajdons\u00fclt anyuk\u00e1k sz\u00edvesen elhozz\u00e1k \u00fajsz\u00fcl\u00f6ttjeiket is a st\u00fadi\u00f3ba, biztons\u00e1gos, megnyugtat\u00f3 k\u00f6rnyezetet teremtve, ahol nyugodt kikapcsol\u00f3d\u00e1st \u00e9lvezhetnek. Minden egyes \u00fcl\u00e9s arra \u00f6szt\u00f6nzi az any\u00e1kat, hogy elengedj\u00e9k az aggodalmakat, visszanyerj\u00e9k nyugalmukat, \u00e9s nyugodtabb, pozit\u00edvabb \u00e1llapotban fogadj\u00e1k ezt a k\u00fcl\u00f6nleges id\u0151szakot \u00fajsz\u00fcl\u00f6ttj\u00fckkel.<\/p><p><strong><span style=\"color: red;\">Fontos \u00e9rtes\u00edt\u00e9s:<\/span> Massz\u00e1zsszolg\u00e1ltat\u00e1saim szigor\u00faan szakmai jelleg\u0171ek, a j\u00f3l\u00e9tre, a gy\u00f3gyul\u00e1sra \u00e9s a relax\u00e1ci\u00f3ra \u00f6sszpontos\u00edtanak. B\u00e1rmilyen nem megfelel\u0151 viselked\u00e9st vagy k\u00e9r\u00e9st nem toler\u00e1lok, \u00e9s jelenteni fogom a hat\u00f3s\u00e1goknak.<\/strong><\/p>\t\t\t\t\t\t\t\t<\/div>\n\t\t\t\t<\/div>\n\t\t\t\t<\/div>\n\t\t\t\t\t<\/div>\n\t\t\t\t<\/div>\n\t\t<div class=\"elementor-element elementor-element-4263fd3 e-flex e-con-boxed e-con e-parent\" data-id=\"4263fd3\" data-element_type=\"container\" data-e-type=\"container\">\n\t\t\t\t\t<div class=\"e-con-inner\">\n\t\t\t\t\t<\/div>\n\t\t\t\t<\/div>\n\t\t\t\t<\/div>","protected":false},"excerpt":{"rendered":"<p>Massage Massage therapy offers numerous health benefits, including the stimulation of circulation, which helps improve blood flow throughout the body. This, in turn, aids in the auto-generation of cells, promoting tissue repair and regeneration. Regular massage can also lower blood pressure, reinforcing the heart&#8217;s function and supporting overall cardiovascular health. By purifying and elasticating the [&hellip;]<\/p>\n","protected":false},"author":1,"featured_media":0,"parent":0,"menu_order":0,"comment_status":"closed","ping_status":"closed","template":"elementor_header_footer","meta":{"site-sidebar-layout":"no-sidebar","site-content-layout":"page-builder","ast-site-content-layout":"full-width-container","site-content-style":"unboxed","site-sidebar-style":"unboxed","ast-global-header-display":"","ast-banner-title-visibility":"","ast-main-header-display":"","ast-hfb-above-header-display":"","ast-hfb-below-header-display":"","ast-hfb-mobile-header-display":"","site-post-title":"disabled","ast-breadcrumbs-content":"","ast-featured-img":"disabled","footer-sml-layout":"","ast-disable-related-posts":"","theme-transparent-header-meta":"default","adv-header-id-meta":"","stick-header-meta":"","header-above-stick-meta":"","header-main-stick-meta":"","header-below-stick-meta":"","astra-migrate-meta-layouts":"set","ast-page-background-enabled":"default","ast-page-background-meta":{"desktop":{"background-color":"","background-image":"","background-repeat":"repeat","background-position":"center center","background-size":"auto","background-attachment":"scroll","background-type":"","background-media":"","overlay-type":"","overlay-color":"","overlay-opacity":"","overlay-gradient":""},"tablet":{"background-color":"","background-image":"","background-repeat":"repeat","background-position":"center center","background-size":"auto","background-attachment":"scroll","background-type":"","background-media":"","overlay-type":"","overlay-color":"","overlay-opacity":"","overlay-gradient":""},"mobile":{"background-color":"","background-image":"","background-repeat":"repeat","background-position":"center center","background-size":"auto","background-attachment":"scroll","background-type":"","background-media":"","overlay-type":"","overlay-color":"","overlay-opacity":"","overlay-gradient":""}},"ast-content-background-meta":{"desktop":{"background-color":"var(--ast-global-color-5)","background-image":"","background-repeat":"repeat","background-position":"center center","background-size":"auto","background-attachment":"scroll","background-type":"","background-media":"","overlay-type":"","overlay-color":"","overlay-opacity":"","overlay-gradient":""},"tablet":{"background-color":"var(--ast-global-color-5)","background-image":"","background-repeat":"repeat","background-position":"center center","background-size":"auto","background-attachment":"scroll","background-type":"","background-media":"","overlay-type":"","overlay-color":"","overlay-opacity":"","overlay-gradient":""},"mobile":{"background-color":"var(--ast-global-color-5)","background-image":"","background-repeat":"repeat","background-position":"center center","background-size":"auto","background-attachment":"scroll","background-type":"","background-media":"","overlay-type":"","overlay-color":"","overlay-opacity":"","overlay-gradient":""}},"footnotes":""},"class_list":["post-342","page","type-page","status-publish","hentry"],"yoast_head":"<!-- This site is optimized with the Yoast SEO Premium plugin v27.5 (Yoast SEO v27.5) - https:\/\/yoast.com\/product\/yoast-seo-premium-wordpress\/ -->\n<title>Massage - Serrastic<\/title>\n<meta name=\"robots\" content=\"index, follow, max-snippet:-1, max-image-preview:large, max-video-preview:-1\" \/>\n<link rel=\"canonical\" href=\"https:\/\/serrastic.com\/hu\/masszazs\/\" \/>\n<meta property=\"og:locale\" content=\"hu_HU\" \/>\n<meta property=\"og:type\" content=\"article\" \/>\n<meta property=\"og:title\" content=\"Massage\" \/>\n<meta property=\"og:description\" content=\"Massage Massage therapy offers numerous health benefits, including the stimulation of circulation, which helps improve blood flow throughout the body. This, in turn, aids in the auto-generation of cells, promoting tissue repair and regeneration. Regular massage can also lower blood pressure, reinforcing the heart&#8217;s function and supporting overall cardiovascular health. By purifying and elasticating the [&hellip;]\" \/>\n<meta property=\"og:url\" content=\"https:\/\/serrastic.com\/hu\/masszazs\/\" \/>\n<meta property=\"og:site_name\" content=\"Serrastic\" \/>\n<meta property=\"article:modified_time\" content=\"2024-12-19T09:14:35+00:00\" \/>\n<meta name=\"twitter:card\" content=\"summary_large_image\" \/>\n<meta name=\"twitter:label1\" content=\"Becs\u00fclt olvas\u00e1si id\u0151\" \/>\n\t<meta name=\"twitter:data1\" content=\"3 perc\" \/>\n<script type=\"application\/ld+json\" class=\"yoast-schema-graph\">{\"@context\":\"https:\\\/\\\/schema.org\",\"@graph\":[{\"@type\":\"WebPage\",\"@id\":\"https:\\\/\\\/serrastic.com\\\/massage\\\/\",\"url\":\"https:\\\/\\\/serrastic.com\\\/massage\\\/\",\"name\":\"Massage - Serrastic\",\"isPartOf\":{\"@id\":\"https:\\\/\\\/serrastic.com\\\/#website\"},\"datePublished\":\"2024-10-21T08:50:19+00:00\",\"dateModified\":\"2024-12-19T09:14:35+00:00\",\"breadcrumb\":{\"@id\":\"https:\\\/\\\/serrastic.com\\\/massage\\\/#breadcrumb\"},\"inLanguage\":\"hu\",\"potentialAction\":[{\"@type\":\"ReadAction\",\"target\":[\"https:\\\/\\\/serrastic.com\\\/massage\\\/\"]}]},{\"@type\":\"BreadcrumbList\",\"@id\":\"https:\\\/\\\/serrastic.com\\\/massage\\\/#breadcrumb\",\"itemListElement\":[{\"@type\":\"ListItem\",\"position\":1,\"name\":\"Home\",\"item\":\"https:\\\/\\\/serrastic.com\\\/\"},{\"@type\":\"ListItem\",\"position\":2,\"name\":\"Massage\"}]},{\"@type\":\"WebSite\",\"@id\":\"https:\\\/\\\/serrastic.com\\\/#website\",\"url\":\"https:\\\/\\\/serrastic.com\\\/\",\"name\":\"Serrastic\",\"description\":\"\",\"publisher\":{\"@id\":\"https:\\\/\\\/serrastic.com\\\/#\\\/schema\\\/person\\\/b2890f7167c3efb2f776fd320ae07bd7\"},\"potentialAction\":[{\"@type\":\"SearchAction\",\"target\":{\"@type\":\"EntryPoint\",\"urlTemplate\":\"https:\\\/\\\/serrastic.com\\\/?s={search_term_string}\"},\"query-input\":{\"@type\":\"PropertyValueSpecification\",\"valueRequired\":true,\"valueName\":\"search_term_string\"}}],\"inLanguage\":\"hu\"},{\"@type\":[\"Person\",\"Organization\"],\"@id\":\"https:\\\/\\\/serrastic.com\\\/#\\\/schema\\\/person\\\/b2890f7167c3efb2f776fd320ae07bd7\",\"name\":\"Bodaviki\",\"image\":{\"@type\":\"ImageObject\",\"inLanguage\":\"hu\",\"@id\":\"https:\\\/\\\/serrastic.com\\\/wp-content\\\/uploads\\\/2024\\\/10\\\/cropped-1logo.webp\",\"url\":\"https:\\\/\\\/serrastic.com\\\/wp-content\\\/uploads\\\/2024\\\/10\\\/cropped-1logo.webp\",\"contentUrl\":\"https:\\\/\\\/serrastic.com\\\/wp-content\\\/uploads\\\/2024\\\/10\\\/cropped-1logo.webp\",\"width\":363,\"height\":375,\"caption\":\"Bodaviki\"},\"logo\":{\"@id\":\"https:\\\/\\\/serrastic.com\\\/wp-content\\\/uploads\\\/2024\\\/10\\\/cropped-1logo.webp\"},\"description\":\"At 40 years old, I bring a unique blend of fine art and holistic therapies to my practice. I studied fine art at the University for the Creative Arts in England, earning a degree in sculpture. My journey continued with beauty therapy studies in Budapest, and I have since worked as a freelance massage therapist across England, Germany, Austria, and Italy, helping people reconnect with their bodies and minds. I speak fluent English, Hungarian, and Italian, allowing me to connect with clients from diverse backgrounds. My passion for understanding human expression led me to study drawing analysis at K\u00e1roli G\u00e1sp\u00e1r University, which I now integrate into my practice to offer a deeper exploration of the self through art.\",\"sameAs\":[\"https:\\\/\\\/serrastic.com\"]}]}<\/script>\n<!-- \/ Yoast SEO Premium plugin. -->","yoast_head_json":{"title":"Massz\u00e1zs - Serrastic","robots":{"index":"index","follow":"follow","max-snippet":"max-snippet:-1","max-image-preview":"max-image-preview:large","max-video-preview":"max-video-preview:-1"},"canonical":"https:\/\/serrastic.com\/hu\/masszazs\/","og_locale":"hu_HU","og_type":"article","og_title":"Massage","og_description":"Massage Massage therapy offers numerous health benefits, including the stimulation of circulation, which helps improve blood flow throughout the body. This, in turn, aids in the auto-generation of cells, promoting tissue repair and regeneration. Regular massage can also lower blood pressure, reinforcing the heart&#8217;s function and supporting overall cardiovascular health. By purifying and elasticating the [&hellip;]","og_url":"https:\/\/serrastic.com\/hu\/masszazs\/","og_site_name":"Serrastic","article_modified_time":"2024-12-19T09:14:35+00:00","twitter_card":"summary_large_image","twitter_misc":{"Becs\u00fclt olvas\u00e1si id\u0151":"3 perc"},"schema":{"@context":"https:\/\/schema.org","@graph":[{"@type":"WebPage","@id":"https:\/\/serrastic.com\/massage\/","url":"https:\/\/serrastic.com\/massage\/","name":"Massz\u00e1zs - Serrastic","isPartOf":{"@id":"https:\/\/serrastic.com\/#website"},"datePublished":"2024-10-21T08:50:19+00:00","dateModified":"2024-12-19T09:14:35+00:00","breadcrumb":{"@id":"https:\/\/serrastic.com\/massage\/#breadcrumb"},"inLanguage":"hu","potentialAction":[{"@type":"ReadAction","target":["https:\/\/serrastic.com\/massage\/"]}]},{"@type":"BreadcrumbList","@id":"https:\/\/serrastic.com\/massage\/#breadcrumb","itemListElement":[{"@type":"ListItem","position":1,"name":"Home","item":"https:\/\/serrastic.com\/"},{"@type":"ListItem","position":2,"name":"Massage"}]},{"@type":"WebSite","@id":"https:\/\/serrastic.com\/#website","url":"https:\/\/serrastic.com\/","name":"Serrastic","description":"","publisher":{"@id":"https:\/\/serrastic.com\/#\/schema\/person\/b2890f7167c3efb2f776fd320ae07bd7"},"potentialAction":[{"@type":"SearchAction","target":{"@type":"EntryPoint","urlTemplate":"https:\/\/serrastic.com\/?s={search_term_string}"},"query-input":{"@type":"PropertyValueSpecification","valueRequired":true,"valueName":"search_term_string"}}],"inLanguage":"hu"},{"@type":["Person","Organization"],"@id":"https:\/\/serrastic.com\/#\/schema\/person\/b2890f7167c3efb2f776fd320ae07bd7","name":"Bodaviki","image":{"@type":"ImageObject","inLanguage":"hu","@id":"https:\/\/serrastic.com\/wp-content\/uploads\/2024\/10\/cropped-1logo.webp","url":"https:\/\/serrastic.com\/wp-content\/uploads\/2024\/10\/cropped-1logo.webp","contentUrl":"https:\/\/serrastic.com\/wp-content\/uploads\/2024\/10\/cropped-1logo.webp","width":363,"height":375,"caption":"Bodaviki"},"logo":{"@id":"https:\/\/serrastic.com\/wp-content\/uploads\/2024\/10\/cropped-1logo.webp"},"description":"40 \u00e9vesen a k\u00e9pz\u0151m\u0171v\u00e9szet \u00e9s a holisztikus ter\u00e1pi\u00e1k egyed\u00fcl\u00e1ll\u00f3 kever\u00e9k\u00e9t hozom a praxisomba. K\u00e9pz\u0151m\u0171v\u00e9szetet tanultam az angliai University for the Creative Arts-on, ahol szobr\u00e1szatb\u00f3l szereztem diplom\u00e1t. Utam Budapesten sz\u00e9ps\u00e9gter\u00e1pi\u00e1s tanulm\u00e1nyokkal folytat\u00f3dott, \u00e9s az\u00f3ta szabad\u00fasz\u00f3 massz\u00e1zsterapeutak\u00e9nt dolgozom Angli\u00e1ban, N\u00e9metorsz\u00e1gban, Ausztri\u00e1ban \u00e9s Olaszorsz\u00e1gban, seg\u00edtve az embereket, hogy \u00fajra kapcsolatba ker\u00fcljenek test\u00fckkel \u00e9s lelk\u00fckkel. Foly\u00e9konyan besz\u00e9lek angolul, magyarul \u00e9s olaszul, ami lehet\u0151v\u00e9 teszi sz\u00e1momra, hogy kapcsolatot teremtsek a k\u00fcl\u00f6nb\u00f6z\u0151 h\u00e1tter\u0171 \u00fcgyfelekkel. Az emberi kifejez\u00e9sm\u00f3d meg\u00e9rt\u00e9se ir\u00e1nti szenved\u00e9lyem vezetett a K\u00e1roli G\u00e1sp\u00e1r Egyetemen a rajzelemz\u00e9s tanulm\u00e1nyoz\u00e1s\u00e1hoz, amit most be\u00e9p\u00edtek a gyakorlatomba, hogy a m\u0171v\u00e9szeten kereszt\u00fcl az \u00e9n m\u00e9lyebb felfedez\u00e9s\u00e9t k\u00edn\u00e1ljam.","sameAs":["https:\/\/serrastic.com"]}]}},"_links":{"self":[{"href":"https:\/\/serrastic.com\/hu\/wp-json\/wp\/v2\/pages\/342","targetHints":{"allow":["GET"]}}],"collection":[{"href":"https:\/\/serrastic.com\/hu\/wp-json\/wp\/v2\/pages"}],"about":[{"href":"https:\/\/serrastic.com\/hu\/wp-json\/wp\/v2\/types\/page"}],"author":[{"embeddable":true,"href":"https:\/\/serrastic.com\/hu\/wp-json\/wp\/v2\/users\/1"}],"replies":[{"embeddable":true,"href":"https:\/\/serrastic.com\/hu\/wp-json\/wp\/v2\/comments?post=342"}],"version-history":[{"count":9,"href":"https:\/\/serrastic.com\/hu\/wp-json\/wp\/v2\/pages\/342\/revisions"}],"predecessor-version":[{"id":1988,"href":"https:\/\/serrastic.com\/hu\/wp-json\/wp\/v2\/pages\/342\/revisions\/1988"}],"wp:attachment":[{"href":"https:\/\/serrastic.com\/hu\/wp-json\/wp\/v2\/media?parent=342"}],"curies":[{"name":"wp","href":"https:\/\/api.w.org\/{rel}","templated":true}]}}